{"id":34,"date":"2023-04-05T04:04:45","date_gmt":"2023-04-05T04:04:45","guid":{"rendered":"https:\/\/mentesacorposao.com.br\/site\/about\/"},"modified":"2024-03-06T05:17:32","modified_gmt":"2024-03-06T05:17:32","slug":"quem-somos","status":"publish","type":"page","link":"https:\/\/mentesacorposao.com.br\/site\/quem-somos\/","title":{"rendered":"Quem somos"},"content":{"rendered":"\t\t<div data-elementor-type=\"wp-page\" data-elementor-id=\"34\" class=\"elementor elementor-34\" data-elementor-post-type=\"page\">\n\t\t\t\t\t\t<section class=\"elementor-section elementor-top-section elementor-element elementor-element-e2ab118 elementor-section-full_width elementor-section-height-min-height elementor-section-items-stretch elementor-section-content-middle elementor-reverse-tablet elementor-reverse-mobile elementor-section-height-default\" data-id=\"e2ab118\" data-element_type=\"section\">\n\t\t\t\t\t\t<div class=\"elementor-container elementor-column-gap-no\">\n\t\t\t\t\t<div class=\"elementor-column elementor-col-50 elementor-top-column elementor-element elementor-element-24cd774f\" data-id=\"24cd774f\" data-element_type=\"column\" data-settings=\"{&quot;background_background&quot;:&quot;classic&quot;}\">\n\t\t\t<div class=\"elementor-widget-wrap elementor-element-populated\">\n\t\t\t\t\t\t<div class=\"elementor-element elementor-element-7a860e5c elementor-widget elementor-widget-spacer\" data-id=\"7a860e5c\" data-element_type=\"widget\" data-widget_type=\"spacer.default\">\n\t\t\t\t<div class=\"elementor-widget-container\">\n\t\t\t\t\t\t\t<div class=\"elementor-spacer\">\n\t\t\t<div class=\"elementor-spacer-inner\"><\/div>\n\t\t<\/div>\n\t\t\t\t\t\t<\/div>\n\t\t\t\t<\/div>\n\t\t\t\t\t<\/div>\n\t\t<\/div>\n\t\t\t\t<div class=\"elementor-column elementor-col-50 elementor-top-column elementor-element elementor-element-65942c07\" data-id=\"65942c07\" data-element_type=\"column\">\n\t\t\t<div class=\"elementor-widget-wrap elementor-element-populated\">\n\t\t\t\t\t\t<div class=\"elementor-element elementor-element-5020fb3f elementor-widget elementor-widget-heading\" data-id=\"5020fb3f\" data-element_type=\"widget\" data-widget_type=\"heading.default\">\n\t\t\t\t<div class=\"elementor-widget-container\">\n\t\t\t\t\t<h2 class=\"elementor-heading-title elementor-size-default\">Sobre n\u00f3s<\/h2>\t\t\t\t<\/div>\n\t\t\t\t<\/div>\n\t\t\t\t<div class=\"elementor-element elementor-element-dbcd59b elementor-widget elementor-widget-text-editor\" data-id=\"dbcd59b\" data-element_type=\"widget\" data-widget_type=\"text-editor.default\">\n\t\t\t\t<div class=\"elementor-widget-container\">\n\t\t\t\t\t\t\t\t\t<p>Mais que um site, somos um time, uma equipe de profissionais comprometidos em levar informa\u00e7\u00e3o de qualidade e ajudar a promover uma vida mais saud\u00e1vel e equilibrada para todos.<\/p>\t\t\t\t\t\t\t\t<\/div>\n\t\t\t\t<\/div>\n\t\t\t\t\t<\/div>\n\t\t<\/div>\n\t\t\t\t\t<\/div>\n\t\t<\/section>\n\t\t\t\t<section class=\"elementor-section elementor-top-section elementor-element elementor-element-1d12bf5a elementor-section-full_width elementor-section-height-min-height elementor-section-items-stretch elementor-section-content-middle elementor-section-height-default\" data-id=\"1d12bf5a\" data-element_type=\"section\">\n\t\t\t\t\t\t<div class=\"elementor-container elementor-column-gap-no\">\n\t\t\t\t\t<div class=\"elementor-column elementor-col-100 elementor-top-column elementor-element elementor-element-43e01682\" data-id=\"43e01682\" data-element_type=\"column\">\n\t\t\t<div class=\"elementor-widget-wrap elementor-element-populated\">\n\t\t\t\t\t\t<div class=\"elementor-element elementor-element-9dcc8a9 elementor-widget elementor-widget-heading\" data-id=\"9dcc8a9\" data-element_type=\"widget\" data-widget_type=\"heading.default\">\n\t\t\t\t<div class=\"elementor-widget-container\">\n\t\t\t\t\t<h2 class=\"elementor-heading-title elementor-size-default\">Miss\u00e3o<\/h2>\t\t\t\t<\/div>\n\t\t\t\t<\/div>\n\t\t\t\t<div class=\"elementor-element elementor-element-7a921634 elementor-widget elementor-widget-text-editor\" data-id=\"7a921634\" data-element_type=\"widget\" data-widget_type=\"text-editor.default\">\n\t\t\t\t<div class=\"elementor-widget-container\">\n\t\t\t\t\t\t\t\t\t<p>Nosso objetivo \u00e9 oferecer conte\u00fado de alta qualidade sobre sa\u00fade mental e f\u00edsica, com a finalidade de ajudar nossos leitores a alcan\u00e7ar o equil\u00edbrio necess\u00e1rio para uma vida plena e feliz.<\/p>\t\t\t\t\t\t\t\t<\/div>\n\t\t\t\t<\/div>\n\t\t\t\t\t<\/div>\n\t\t<\/div>\n\t\t\t\t\t<\/div>\n\t\t<\/section>\n\t\t\t\t<section class=\"elementor-section elementor-top-section elementor-element elementor-element-465b810 elementor-section-full_width elementor-section-height-min-height elementor-section-items-stretch elementor-section-content-middle elementor-section-height-default\" data-id=\"465b810\" data-element_type=\"section\">\n\t\t\t\t\t\t<div class=\"elementor-container elementor-column-gap-no\">\n\t\t\t\t\t<div class=\"elementor-column elementor-col-100 elementor-top-column elementor-element elementor-element-ae43969\" data-id=\"ae43969\" data-element_type=\"column\">\n\t\t\t<div class=\"elementor-widget-wrap elementor-element-populated\">\n\t\t\t\t\t\t<div class=\"elementor-element elementor-element-f33fb03 elementor-widget elementor-widget-heading\" data-id=\"f33fb03\" data-element_type=\"widget\" data-widget_type=\"heading.default\">\n\t\t\t\t<div class=\"elementor-widget-container\">\n\t\t\t\t\t<h2 class=\"elementor-heading-title elementor-size-default\">Vis\u00e3o<\/h2>\t\t\t\t<\/div>\n\t\t\t\t<\/div>\n\t\t\t\t<div class=\"elementor-element elementor-element-19e9828 elementor-widget elementor-widget-text-editor\" data-id=\"19e9828\" data-element_type=\"widget\" data-widget_type=\"text-editor.default\">\n\t\t\t\t<div class=\"elementor-widget-container\">\n\t\t\t\t\t\t\t\t\t<p>Nosso desejo \u00e9 sermos reconhecidos como uma refer\u00eancia em conte\u00fado de sa\u00fade, bem-estar e qualidade de vida, contribuindo para um mundo melhor, mais saud\u00e1vel e consciente.<\/p>\t\t\t\t\t\t\t\t<\/div>\n\t\t\t\t<\/div>\n\t\t\t\t\t<\/div>\n\t\t<\/div>\n\t\t\t\t\t<\/div>\n\t\t<\/section>\n\t\t\t\t<section class=\"elementor-section elementor-top-section elementor-element elementor-element-0e1f79d elementor-section-full_width elementor-section-height-min-height elementor-section-items-stretch elementor-section-content-middle elementor-section-height-default\" data-id=\"0e1f79d\" data-element_type=\"section\">\n\t\t\t\t\t\t<div class=\"elementor-container elementor-column-gap-no\">\n\t\t\t\t\t<div class=\"elementor-column elementor-col-100 elementor-top-column elementor-element elementor-element-7f056d3\" data-id=\"7f056d3\" data-element_type=\"column\">\n\t\t\t<div class=\"elementor-widget-wrap elementor-element-populated\">\n\t\t\t\t\t\t<div class=\"elementor-element elementor-element-1f3b552 elementor-widget elementor-widget-heading\" data-id=\"1f3b552\" data-element_type=\"widget\" data-widget_type=\"heading.default\">\n\t\t\t\t<div class=\"elementor-widget-container\">\n\t\t\t\t\t<h2 class=\"elementor-heading-title elementor-size-default\">Valores<\/h2>\t\t\t\t<\/div>\n\t\t\t\t<\/div>\n\t\t\t\t<div class=\"elementor-element elementor-element-740651c elementor-widget elementor-widget-text-editor\" data-id=\"740651c\" data-element_type=\"widget\" data-widget_type=\"text-editor.default\">\n\t\t\t\t<div class=\"elementor-widget-container\">\n\t\t\t\t\t\t\t\t\t<ul><li>Comprometimento com a \u00e9tica e a qualidade dos nossos conte\u00fados;<\/li><li>Empatia com nossos leitores e suas necessidades;<\/li><li>Inova\u00e7\u00e3o e constante atualiza\u00e7\u00e3o para oferecer o melhor conte\u00fado;<\/li><li>Colabora\u00e7\u00e3o, valorizando o trabalho em equipe;<\/li><li>Respeito \u00e0 diversidade e inclus\u00e3o de todas as pessoas.<\/li><\/ul>\t\t\t\t\t\t\t\t<\/div>\n\t\t\t\t<\/div>\n\t\t\t\t\t<\/div>\n\t\t<\/div>\n\t\t\t\t\t<\/div>\n\t\t<\/section>\n\t\t\t\t<section class=\"elementor-section elementor-top-section elementor-element elementor-element-14a9d01b elementor-section-content-middle elementor-section-boxed elementor-section-height-default elementor-section-height-default\" data-id=\"14a9d01b\" data-element_type=\"section\">\n\t\t\t\t\t\t<div class=\"elementor-container elementor-column-gap-no\">\n\t\t\t\t\t<div class=\"elementor-column elementor-col-100 elementor-top-column elementor-element elementor-element-298e8389\" data-id=\"298e8389\" data-element_type=\"column\">\n\t\t\t<div class=\"elementor-widget-wrap elementor-element-populated\">\n\t\t\t\t\t\t<div class=\"elementor-element elementor-element-4a9458d1 elementor-widget elementor-widget-text-editor\" data-id=\"4a9458d1\" data-element_type=\"widget\" data-widget_type=\"text-editor.default\">\n\t\t\t\t<div class=\"elementor-widget-container\">\n\t\t\t\t\t\t\t\t\t<p>N\u00f3s nos dedicamos a fornecer informa\u00e7\u00f5es confi\u00e1veis e \u00fateis para ajudar nossos leitores a melhorar sua sa\u00fade mental e f\u00edsica. Se voc\u00ea tiver alguma d\u00favida, sugest\u00e3o ou coment\u00e1rio, n\u00e3o hesite em nos contatar. Estamos sempre prontos para ajudar!<\/p>\t\t\t\t\t\t\t\t<\/div>\n\t\t\t\t<\/div>\n\t\t\t\t<div class=\"elementor-element elementor-element-0bfe67a elementor-align-center elementor-invisible elementor-widget elementor-widget-button\" data-id=\"0bfe67a\" data-element_type=\"widget\" data-settings=\"{&quot;_animation&quot;:&quot;fadeInDown&quot;}\" data-widget_type=\"button.default\">\n\t\t\t\t<div class=\"elementor-widget-container\">\n\t\t\t\t\t\t\t\t\t<div class=\"elementor-button-wrapper\">\n\t\t\t\t\t<a class=\"elementor-button elementor-button-link elementor-size-sm\" href=\"https:\/\/mentesacorposao.com.br\/site\/contato\/\">\n\t\t\t\t\t\t<span class=\"elementor-button-content-wrapper\">\n\t\t\t\t\t\t\t\t\t<span class=\"elementor-button-text\">Clique  aqui <\/span>\n\t\t\t\t\t<\/span>\n\t\t\t\t\t<\/a>\n\t\t\t\t<\/div>\n\t\t\t\t\t\t\t\t<\/div>\n\t\t\t\t<\/div>\n\t\t\t\t<div class=\"elementor-element elementor-element-a64e9e3 elementor-widget elementor-widget-text-editor\" data-id=\"a64e9e3\" data-element_type=\"widget\" data-widget_type=\"text-editor.default\">\n\t\t\t\t<div class=\"elementor-widget-container\">\n\t\t\t\t\t\t\t\t\t<p>O site <b>mentesacorposao.com.br<\/b> tem como fonte de renda o <b>Google AdSense<\/b>.<\/p>\t\t\t\t\t\t\t\t<\/div>\n\t\t\t\t<\/div>\n\t\t\t\t\t<\/div>\n\t\t<\/div>\n\t\t\t\t\t<\/div>\n\t\t<\/section>\n\t\t\t\t<\/div>\n\t\t","protected":false},"excerpt":{"rendered":"<p>Sobre n\u00f3s Mais que um site, somos um time, uma equipe de profissionais comprometidos em levar informa\u00e7\u00e3o de qualidade e ajudar a promover uma vida mais saud\u00e1vel e equilibrada para todos. Miss\u00e3o Nosso objetivo \u00e9 oferecer conte\u00fado de alta qualidade sobre sa\u00fade mental e f\u00edsica, com a finalidade de ajudar nossos leitores a alcan\u00e7ar o [&hellip;]<\/p>\n","protected":false},"author":1,"featured_media":0,"parent":0,"menu_order":0,"comment_status":"closed","ping_status":"closed","template":"elementor_header_footer","meta":{"_monsterinsights_skip_tracking":false,"_monsterinsights_sitenote_active":false,"_monsterinsights_sitenote_note":"","_monsterinsights_sitenote_category":0,"footnotes":""},"class_list":["post-34","page","type-page","status-publish","hentry"],"yoast_head":"<!-- This site is optimized with the Yoast SEO plugin v27.2 - https:\/\/yoast.com\/product\/yoast-seo-wordpress\/ -->\n<title>Quem somos - mente s\u00e3, corpo s\u00e3o<\/title>\n<meta name=\"description\" content=\"Quem-somos - Mais que um site, somos um time, uma equipe de profissionais comprometidos em levar informa\u00e7\u00e3o de qualidade e ajudar a promover\" \/>\n<meta name=\"robots\" content=\"index, follow, max-snippet:-1, max-image-preview:large, max-video-preview:-1\" \/>\n<link rel=\"canonical\" href=\"https:\/\/mentesacorposao.com.br\/site\/quem-somos\/\" \/>\n<meta property=\"og:locale\" content=\"pt_PT\" \/>\n<meta property=\"og:type\" content=\"article\" \/>\n<meta property=\"og:title\" content=\"Quem somos - mente s\u00e3, corpo s\u00e3o\" \/>\n<meta property=\"og:description\" content=\"Quem-somos - Mais que um site, somos um time, uma equipe de profissionais comprometidos em levar informa\u00e7\u00e3o de qualidade e ajudar a promover\" \/>\n<meta property=\"og:url\" content=\"https:\/\/mentesacorposao.com.br\/site\/quem-somos\/\" \/>\n<meta property=\"og:site_name\" content=\"mente s\u00e3, corpo s\u00e3o\" \/>\n<meta property=\"article:modified_time\" content=\"2024-03-06T05:17:32+00:00\" \/>\n<meta name=\"twitter:card\" content=\"summary_large_image\" \/>\n<meta name=\"twitter:label1\" content=\"Tempo estimado de leitura\" \/>\n\t<meta name=\"twitter:data1\" content=\"1 minuto\" \/>\n<script type=\"application\/ld+json\" class=\"yoast-schema-graph\">{\"@context\":\"https:\/\/schema.org\",\"@graph\":[{\"@type\":\"WebPage\",\"@id\":\"https:\/\/mentesacorposao.com.br\/site\/quem-somos\/\",\"url\":\"https:\/\/mentesacorposao.com.br\/site\/quem-somos\/\",\"name\":\"Quem somos - mente s\u00e3, corpo s\u00e3o\",\"isPartOf\":{\"@id\":\"https:\/\/mentesacorposao.com.br\/site\/#website\"},\"datePublished\":\"2023-04-05T04:04:45+00:00\",\"dateModified\":\"2024-03-06T05:17:32+00:00\",\"description\":\"Quem-somos - Mais que um site, somos um time, uma equipe de profissionais comprometidos em levar informa\u00e7\u00e3o de qualidade e ajudar a promover\",\"inLanguage\":\"pt-PT\",\"potentialAction\":[{\"@type\":\"ReadAction\",\"target\":[\"https:\/\/mentesacorposao.com.br\/site\/quem-somos\/\"]}]},{\"@type\":\"WebSite\",\"@id\":\"https:\/\/mentesacorposao.com.br\/site\/#website\",\"url\":\"https:\/\/mentesacorposao.com.br\/site\/\",\"name\":\"mente s\u00e3, corpo s\u00e3o\",\"description\":\"Mente e corpo em equil\u00edbrio\",\"publisher\":{\"@id\":\"https:\/\/mentesacorposao.com.br\/site\/#organization\"},\"potentialAction\":[{\"@type\":\"SearchAction\",\"target\":{\"@type\":\"EntryPoint\",\"urlTemplate\":\"https:\/\/mentesacorposao.com.br\/site\/?s={search_term_string}\"},\"query-input\":{\"@type\":\"PropertyValueSpecification\",\"valueRequired\":true,\"valueName\":\"search_term_string\"}}],\"inLanguage\":\"pt-PT\"},{\"@type\":\"Organization\",\"@id\":\"https:\/\/mentesacorposao.com.br\/site\/#organization\",\"name\":\"mente s\u00e3, corpo s\u00e3o\",\"url\":\"https:\/\/mentesacorposao.com.br\/site\/\",\"logo\":{\"@type\":\"ImageObject\",\"inLanguage\":\"pt-PT\",\"@id\":\"https:\/\/mentesacorposao.com.br\/site\/#\/schema\/logo\/image\/\",\"url\":\"https:\/\/mentesacorposao.com.br\/site\/wp-content\/uploads\/2023\/04\/logo-mscs-black.svg\",\"contentUrl\":\"https:\/\/mentesacorposao.com.br\/site\/wp-content\/uploads\/2023\/04\/logo-mscs-black.svg\",\"width\":198,\"height\":55,\"caption\":\"mente s\u00e3, corpo s\u00e3o\"},\"image\":{\"@id\":\"https:\/\/mentesacorposao.com.br\/site\/#\/schema\/logo\/image\/\"}}]}<\/script>\n<!-- \/ Yoast SEO plugin. -->","yoast_head_json":{"title":"Quem somos - mente s\u00e3, corpo s\u00e3o","description":"Quem-somos - Mais que um site, somos um time, uma equipe de profissionais comprometidos em levar informa\u00e7\u00e3o de qualidade e ajudar a promover","robots":{"index":"index","follow":"follow","max-snippet":"max-snippet:-1","max-image-preview":"max-image-preview:large","max-video-preview":"max-video-preview:-1"},"canonical":"https:\/\/mentesacorposao.com.br\/site\/quem-somos\/","og_locale":"pt_PT","og_type":"article","og_title":"Quem somos - mente s\u00e3, corpo s\u00e3o","og_description":"Quem-somos - Mais que um site, somos um time, uma equipe de profissionais comprometidos em levar informa\u00e7\u00e3o de qualidade e ajudar a promover","og_url":"https:\/\/mentesacorposao.com.br\/site\/quem-somos\/","og_site_name":"mente s\u00e3, corpo s\u00e3o","article_modified_time":"2024-03-06T05:17:32+00:00","twitter_card":"summary_large_image","twitter_misc":{"Tempo estimado de leitura":"1 minuto"},"schema":{"@context":"https:\/\/schema.org","@graph":[{"@type":"WebPage","@id":"https:\/\/mentesacorposao.com.br\/site\/quem-somos\/","url":"https:\/\/mentesacorposao.com.br\/site\/quem-somos\/","name":"Quem somos - mente s\u00e3, corpo s\u00e3o","isPartOf":{"@id":"https:\/\/mentesacorposao.com.br\/site\/#website"},"datePublished":"2023-04-05T04:04:45+00:00","dateModified":"2024-03-06T05:17:32+00:00","description":"Quem-somos - Mais que um site, somos um time, uma equipe de profissionais comprometidos em levar informa\u00e7\u00e3o de qualidade e ajudar a promover","inLanguage":"pt-PT","potentialAction":[{"@type":"ReadAction","target":["https:\/\/mentesacorposao.com.br\/site\/quem-somos\/"]}]},{"@type":"WebSite","@id":"https:\/\/mentesacorposao.com.br\/site\/#website","url":"https:\/\/mentesacorposao.com.br\/site\/","name":"mente s\u00e3, corpo s\u00e3o","description":"Mente e corpo em equil\u00edbrio","publisher":{"@id":"https:\/\/mentesacorposao.com.br\/site\/#organization"},"potentialAction":[{"@type":"SearchAction","target":{"@type":"EntryPoint","urlTemplate":"https:\/\/mentesacorposao.com.br\/site\/?s={search_term_string}"},"query-input":{"@type":"PropertyValueSpecification","valueRequired":true,"valueName":"search_term_string"}}],"inLanguage":"pt-PT"},{"@type":"Organization","@id":"https:\/\/mentesacorposao.com.br\/site\/#organization","name":"mente s\u00e3, corpo s\u00e3o","url":"https:\/\/mentesacorposao.com.br\/site\/","logo":{"@type":"ImageObject","inLanguage":"pt-PT","@id":"https:\/\/mentesacorposao.com.br\/site\/#\/schema\/logo\/image\/","url":"https:\/\/mentesacorposao.com.br\/site\/wp-content\/uploads\/2023\/04\/logo-mscs-black.svg","contentUrl":"https:\/\/mentesacorposao.com.br\/site\/wp-content\/uploads\/2023\/04\/logo-mscs-black.svg","width":198,"height":55,"caption":"mente s\u00e3, corpo s\u00e3o"},"image":{"@id":"https:\/\/mentesacorposao.com.br\/site\/#\/schema\/logo\/image\/"}}]}},"rttpg_featured_image_url":null,"rttpg_author":{"display_name":"Daniel","author_link":"https:\/\/mentesacorposao.com.br\/site\/author\/admin\/"},"rttpg_comment":0,"rttpg_category":null,"rttpg_excerpt":"Sobre n\u00f3s Mais que um site, somos um time, uma equipe de profissionais comprometidos em levar informa\u00e7\u00e3o de qualidade e ajudar a promover uma vida mais saud\u00e1vel e equilibrada para todos. Miss\u00e3o Nosso objetivo \u00e9 oferecer conte\u00fado de alta qualidade sobre sa\u00fade mental e f\u00edsica, com a finalidade de ajudar nossos leitores a alcan\u00e7ar o&hellip;","_links":{"self":[{"href":"https:\/\/mentesacorposao.com.br\/site\/wp-json\/wp\/v2\/pages\/34","targetHints":{"allow":["GET"]}}],"collection":[{"href":"https:\/\/mentesacorposao.com.br\/site\/wp-json\/wp\/v2\/pages"}],"about":[{"href":"https:\/\/mentesacorposao.com.br\/site\/wp-json\/wp\/v2\/types\/page"}],"author":[{"embeddable":true,"href":"https:\/\/mentesacorposao.com.br\/site\/wp-json\/wp\/v2\/users\/1"}],"replies":[{"embeddable":true,"href":"https:\/\/mentesacorposao.com.br\/site\/wp-json\/wp\/v2\/comments?post=34"}],"version-history":[{"count":9,"href":"https:\/\/mentesacorposao.com.br\/site\/wp-json\/wp\/v2\/pages\/34\/revisions"}],"predecessor-version":[{"id":2248,"href":"https:\/\/mentesacorposao.com.br\/site\/wp-json\/wp\/v2\/pages\/34\/revisions\/2248"}],"wp:attachment":[{"href":"https:\/\/mentesacorposao.com.br\/site\/wp-json\/wp\/v2\/media?parent=34"}],"curies":[{"name":"wp","href":"https:\/\/api.w.org\/{rel}","templated":true}]}}