{"id":29,"date":"2023-04-05T04:04:44","date_gmt":"2023-04-05T04:04:44","guid":{"rendered":"https:\/\/mentesacorposao.com.br\/site\/workshops\/"},"modified":"2024-03-06T05:05:47","modified_gmt":"2024-03-06T05:05:47","slug":"cursos","status":"publish","type":"page","link":"https:\/\/mentesacorposao.com.br\/site\/cursos\/","title":{"rendered":"Cursos"},"content":{"rendered":"\t\t<div data-elementor-type=\"wp-page\" data-elementor-id=\"29\" class=\"elementor elementor-29\" data-elementor-post-type=\"page\">\n\t\t\t\t\t\t<section class=\"elementor-section elementor-top-section elementor-element elementor-element-65192bae elementor-section-height-min-height elementor-section-items-stretch elementor-section-content-middle elementor-section-boxed elementor-section-height-default\" data-id=\"65192bae\" data-element_type=\"section\" data-settings=\"{&quot;background_background&quot;:&quot;gradient&quot;}\">\n\t\t\t\t\t\t<div class=\"elementor-container elementor-column-gap-no\">\n\t\t\t\t\t<div class=\"elementor-column elementor-col-100 elementor-top-column elementor-element elementor-element-a9e7beb\" data-id=\"a9e7beb\" data-element_type=\"column\">\n\t\t\t<div class=\"elementor-widget-wrap elementor-element-populated\">\n\t\t\t\t\t\t<div class=\"elementor-element elementor-element-6835b98c elementor-widget elementor-widget-heading\" data-id=\"6835b98c\" data-element_type=\"widget\" data-widget_type=\"heading.default\">\n\t\t\t\t<div class=\"elementor-widget-container\">\n\t\t\t\t\t<h1 class=\"elementor-heading-title elementor-size-default\">Aprender algo novo pode mudar a sua vida.<\/h1>\t\t\t\t<\/div>\n\t\t\t\t<\/div>\n\t\t\t\t<div class=\"elementor-element elementor-element-21085d1f elementor-widget elementor-widget-text-editor\" data-id=\"21085d1f\" data-element_type=\"widget\" data-widget_type=\"text-editor.default\">\n\t\t\t\t<div class=\"elementor-widget-container\">\n\t\t\t\t\t\t\t\t\t<p>Cursos simples e acess\u00edveis podem fornecer conhecimento e habilidades que permitem lidar melhor com os desafios da vida cotidiana.<\/p>\t\t\t\t\t\t\t\t<\/div>\n\t\t\t\t<\/div>\n\t\t\t\t\t<\/div>\n\t\t<\/div>\n\t\t\t\t\t<\/div>\n\t\t<\/section>\n\t\t\t\t<section class=\"elementor-section elementor-top-section elementor-element elementor-element-4f0bf6f5 elementor-section-full_width elementor-section-content-middle elementor-reverse-tablet elementor-reverse-mobile elementor-section-height-default elementor-section-height-default\" data-id=\"4f0bf6f5\" data-element_type=\"section\" id=\"workshop_1\">\n\t\t\t\t\t\t<div class=\"elementor-container elementor-column-gap-no\">\n\t\t\t\t\t<div class=\"elementor-column elementor-col-50 elementor-top-column elementor-element elementor-element-4f24115a\" data-id=\"4f24115a\" data-element_type=\"column\">\n\t\t\t<div class=\"elementor-widget-wrap elementor-element-populated\">\n\t\t\t\t\t\t<div class=\"elementor-element elementor-element-749e612e elementor-widget elementor-widget-image\" data-id=\"749e612e\" data-element_type=\"widget\" data-widget_type=\"image.default\">\n\t\t\t\t<div class=\"elementor-widget-container\">\n\t\t\t\t\t\t\t\t\t\t\t\t\t\t\t<img decoding=\"async\" src=\"https:\/\/mentesacorposao.com.br\/site\/wp-content\/uploads\/elementor\/thumbs\/shutterstock_2104174118-qksptpsxf8ulcmvia4op4j5khpect4berm1ua4yb2g.jpg\" title=\"Woman,Practicing,Yoga,And,Meditation,At,Home,Sitting,In,Lotus\" alt=\"Woman,Practicing,Yoga,And,Meditation,At,Home,Sitting,In,Lotus\" loading=\"lazy\" \/>\t\t\t\t\t\t\t\t\t\t\t\t\t\t\t<\/div>\n\t\t\t\t<\/div>\n\t\t\t\t\t<\/div>\n\t\t<\/div>\n\t\t\t\t<div class=\"elementor-column elementor-col-50 elementor-top-column elementor-element elementor-element-3699ff85\" data-id=\"3699ff85\" data-element_type=\"column\">\n\t\t\t<div class=\"elementor-widget-wrap elementor-element-populated\">\n\t\t\t\t\t\t<div class=\"elementor-element elementor-element-64daaa2e elementor-widget elementor-widget-heading\" data-id=\"64daaa2e\" data-element_type=\"widget\" data-widget_type=\"heading.default\">\n\t\t\t\t<div class=\"elementor-widget-container\">\n\t\t\t\t\t<h2 class=\"elementor-heading-title elementor-size-default\">Medita\u00e7\u00e3o p\/ Iniciantes<\/h2>\t\t\t\t<\/div>\n\t\t\t\t<\/div>\n\t\t\t\t<div class=\"elementor-element elementor-element-1b8332ad elementor-widget elementor-widget-text-editor\" data-id=\"1b8332ad\" data-element_type=\"widget\" data-widget_type=\"text-editor.default\">\n\t\t\t\t<div class=\"elementor-widget-container\">\n\t\t\t\t\t\t\t\t\t<p>Ideal para aqueles que desejam aprender a meditar e aprimorar sua sa\u00fade mental. Durante as aulas, voc\u00ea ser\u00e1 introduzido \u00e0s t\u00e9cnicas b\u00e1sicas de medita\u00e7\u00e3o e aprender\u00e1 como aplic\u00e1-las em sua vida di\u00e1ria para alcan\u00e7ar um estado de paz interior e equil\u00edbrio emocional.<\/p>\t\t\t\t\t\t\t\t<\/div>\n\t\t\t\t<\/div>\n\t\t\t\t<div class=\"elementor-element elementor-element-54a40b29 elementor-invisible elementor-widget elementor-widget-button\" data-id=\"54a40b29\" data-element_type=\"widget\" data-settings=\"{&quot;_animation&quot;:&quot;fadeInDown&quot;}\" data-widget_type=\"button.default\">\n\t\t\t\t<div class=\"elementor-widget-container\">\n\t\t\t\t\t\t\t\t\t<div class=\"elementor-button-wrapper\">\n\t\t\t\t\t<a class=\"elementor-button elementor-button-link elementor-size-sm\" href=\"#\">\n\t\t\t\t\t\t<span class=\"elementor-button-content-wrapper\">\n\t\t\t\t\t\t\t\t\t<span class=\"elementor-button-text\">Em breve<\/span>\n\t\t\t\t\t<\/span>\n\t\t\t\t\t<\/a>\n\t\t\t\t<\/div>\n\t\t\t\t\t\t\t\t<\/div>\n\t\t\t\t<\/div>\n\t\t\t\t\t<\/div>\n\t\t<\/div>\n\t\t\t\t\t<\/div>\n\t\t<\/section>\n\t\t\t\t<section class=\"elementor-section elementor-top-section elementor-element elementor-element-6ccfff0d elementor-section-full_width elementor-section-content-middle elementor-section-height-default elementor-section-height-default\" data-id=\"6ccfff0d\" data-element_type=\"section\" id=\"workshop_2\">\n\t\t\t\t\t\t<div class=\"elementor-container elementor-column-gap-no\">\n\t\t\t\t\t<div class=\"elementor-column elementor-col-50 elementor-top-column elementor-element elementor-element-8be4a76\" data-id=\"8be4a76\" data-element_type=\"column\">\n\t\t\t<div class=\"elementor-widget-wrap elementor-element-populated\">\n\t\t\t\t\t\t<div class=\"elementor-element elementor-element-5ace9e42 elementor-widget elementor-widget-heading\" data-id=\"5ace9e42\" data-element_type=\"widget\" data-widget_type=\"heading.default\">\n\t\t\t\t<div class=\"elementor-widget-container\">\n\t\t\t\t\t<h2 class=\"elementor-heading-title elementor-size-default\">Exerc\u00edcios p\/ o Bem-estar<\/h2>\t\t\t\t<\/div>\n\t\t\t\t<\/div>\n\t\t\t\t<div class=\"elementor-element elementor-element-59f61c8b elementor-widget elementor-widget-text-editor\" data-id=\"59f61c8b\" data-element_type=\"widget\" data-widget_type=\"text-editor.default\">\n\t\t\t\t<div class=\"elementor-widget-container\">\n\t\t\t\t\t\t\t\t\t<p>Uma \u00f3tima op\u00e7\u00e3o para quem busca aprender a manter o corpo e a mente saud\u00e1veis. Durante o curso, voc\u00ea aprender\u00e1 exerc\u00edcios simples e eficazes que podem ser facilmente incorporados \u00e0 sua rotina di\u00e1ria.<\/p>\t\t\t\t\t\t\t\t<\/div>\n\t\t\t\t<\/div>\n\t\t\t\t<div class=\"elementor-element elementor-element-0a57dee elementor-invisible elementor-widget elementor-widget-button\" data-id=\"0a57dee\" data-element_type=\"widget\" data-settings=\"{&quot;_animation&quot;:&quot;fadeInDown&quot;}\" data-widget_type=\"button.default\">\n\t\t\t\t<div class=\"elementor-widget-container\">\n\t\t\t\t\t\t\t\t\t<div class=\"elementor-button-wrapper\">\n\t\t\t\t\t<a class=\"elementor-button elementor-button-link elementor-size-sm\" href=\"#\">\n\t\t\t\t\t\t<span class=\"elementor-button-content-wrapper\">\n\t\t\t\t\t\t\t\t\t<span class=\"elementor-button-text\">Em breve<\/span>\n\t\t\t\t\t<\/span>\n\t\t\t\t\t<\/a>\n\t\t\t\t<\/div>\n\t\t\t\t\t\t\t\t<\/div>\n\t\t\t\t<\/div>\n\t\t\t\t\t<\/div>\n\t\t<\/div>\n\t\t\t\t<div class=\"elementor-column elementor-col-50 elementor-top-column elementor-element elementor-element-13966100\" data-id=\"13966100\" data-element_type=\"column\">\n\t\t\t<div class=\"elementor-widget-wrap elementor-element-populated\">\n\t\t\t\t\t\t<div class=\"elementor-element elementor-element-7615e082 elementor-widget__width-initial elementor-widget elementor-widget-image\" data-id=\"7615e082\" data-element_type=\"widget\" data-widget_type=\"image.default\">\n\t\t\t\t<div class=\"elementor-widget-container\">\n\t\t\t\t\t\t\t\t\t\t\t\t\t\t\t<img decoding=\"async\" src=\"https:\/\/mentesacorposao.com.br\/site\/wp-content\/uploads\/elementor\/thumbs\/shutterstock_2267710607-qksptrolswx5zusrz5hy9iohoh538iivfvct8oviq0.jpg\" title=\"Happy,Black,Man,Running,In,Park,With,Music,,Smile,And\" alt=\"Happy,Black,Man,Running,In,Park,With,Music,,Smile,And\" loading=\"lazy\" \/>\t\t\t\t\t\t\t\t\t\t\t\t\t\t\t<\/div>\n\t\t\t\t<\/div>\n\t\t\t\t\t<\/div>\n\t\t<\/div>\n\t\t\t\t\t<\/div>\n\t\t<\/section>\n\t\t\t\t<section class=\"elementor-section elementor-top-section elementor-element elementor-element-6ece2ef8 elementor-section-full_width elementor-section-content-middle elementor-reverse-tablet elementor-reverse-mobile elementor-section-height-default elementor-section-height-default\" data-id=\"6ece2ef8\" data-element_type=\"section\" id=\"workshop_3\">\n\t\t\t\t\t\t<div class=\"elementor-container elementor-column-gap-no\">\n\t\t\t\t\t<div class=\"elementor-column elementor-col-50 elementor-top-column elementor-element elementor-element-3e597212\" data-id=\"3e597212\" data-element_type=\"column\">\n\t\t\t<div class=\"elementor-widget-wrap elementor-element-populated\">\n\t\t\t\t\t\t<div class=\"elementor-element elementor-element-3ca449a9 elementor-widget elementor-widget-image\" data-id=\"3ca449a9\" data-element_type=\"widget\" data-widget_type=\"image.default\">\n\t\t\t\t<div class=\"elementor-widget-container\">\n\t\t\t\t\t\t\t\t\t\t\t\t\t\t\t<img decoding=\"async\" src=\"https:\/\/mentesacorposao.com.br\/site\/wp-content\/uploads\/elementor\/thumbs\/PhotoReal_illustration_how_to_care_your_mental_health_thread_b_2-qkspttka6kzqn2q1o6b7ei7ev8vtnwqc44ns78sqdk.jpg\" title=\"PhotoReal_illustration_how_to_care_your_mental_health_thread_b_2\" alt=\"PhotoReal_illustration_how_to_care_your_mental_health_thread_b_2\" loading=\"lazy\" \/>\t\t\t\t\t\t\t\t\t\t\t\t\t\t\t<\/div>\n\t\t\t\t<\/div>\n\t\t\t\t\t<\/div>\n\t\t<\/div>\n\t\t\t\t<div class=\"elementor-column elementor-col-50 elementor-top-column elementor-element elementor-element-52f07dc1\" data-id=\"52f07dc1\" data-element_type=\"column\">\n\t\t\t<div class=\"elementor-widget-wrap elementor-element-populated\">\n\t\t\t\t\t\t<div class=\"elementor-element elementor-element-55c8f05d elementor-widget elementor-widget-heading\" data-id=\"55c8f05d\" data-element_type=\"widget\" data-widget_type=\"heading.default\">\n\t\t\t\t<div class=\"elementor-widget-container\">\n\t\t\t\t\t<h2 class=\"elementor-heading-title elementor-size-default\">Intelig\u00eancia Emocional  <\/h2>\t\t\t\t<\/div>\n\t\t\t\t<\/div>\n\t\t\t\t<div class=\"elementor-element elementor-element-77a3a274 elementor-widget elementor-widget-text-editor\" data-id=\"77a3a274\" data-element_type=\"widget\" data-widget_type=\"text-editor.default\">\n\t\t\t\t<div class=\"elementor-widget-container\">\n\t\t\t\t\t\t\t\t\t<p>Projetado para ajudar voc\u00ea a desenvolver habilidades para reconhecer e gerenciar suas emo\u00e7\u00f5es de forma eficaz. Durante o curso, voc\u00ea aprender\u00e1 a import\u00e2ncia da intelig\u00eancia emocional e como ela pode afetar todos os aspectos da sua vida, incluindo suas rela\u00e7\u00f5es pessoais e profissionais.<\/p>\t\t\t\t\t\t\t\t<\/div>\n\t\t\t\t<\/div>\n\t\t\t\t<div class=\"elementor-element elementor-element-eb91bfc elementor-invisible elementor-widget elementor-widget-button\" data-id=\"eb91bfc\" data-element_type=\"widget\" data-settings=\"{&quot;_animation&quot;:&quot;fadeInDown&quot;}\" data-widget_type=\"button.default\">\n\t\t\t\t<div class=\"elementor-widget-container\">\n\t\t\t\t\t\t\t\t\t<div class=\"elementor-button-wrapper\">\n\t\t\t\t\t<a class=\"elementor-button elementor-button-link elementor-size-sm\" href=\"#\">\n\t\t\t\t\t\t<span class=\"elementor-button-content-wrapper\">\n\t\t\t\t\t\t\t\t\t<span class=\"elementor-button-text\">Em breve<\/span>\n\t\t\t\t\t<\/span>\n\t\t\t\t\t<\/a>\n\t\t\t\t<\/div>\n\t\t\t\t\t\t\t\t<\/div>\n\t\t\t\t<\/div>\n\t\t\t\t\t<\/div>\n\t\t<\/div>\n\t\t\t\t\t<\/div>\n\t\t<\/section>\n\t\t<div class=\"elementor-element elementor-element-917d77f e-flex e-con-boxed e-con e-parent\" data-id=\"917d77f\" data-element_type=\"container\">\n\t\t\t\t\t<div class=\"e-con-inner\">\n\t\t\t\t<div class=\"elementor-element elementor-element-13c37ea elementor-widget__width-initial elementor-widget elementor-widget-spacer\" data-id=\"13c37ea\" data-element_type=\"widget\" data-widget_type=\"spacer.default\">\n\t\t\t\t<div class=\"elementor-widget-container\">\n\t\t\t\t\t\t\t<div class=\"elementor-spacer\">\n\t\t\t<div class=\"elementor-spacer-inner\"><\/div>\n\t\t<\/div>\n\t\t\t\t\t\t<\/div>\n\t\t\t\t<\/div>\n\t\t\t\t\t<\/div>\n\t\t\t\t<\/div>\n\t\t\t\t<\/div>\n\t\t","protected":false},"excerpt":{"rendered":"<p>Aprender algo novo pode mudar a sua vida. Cursos simples e acess\u00edveis podem fornecer conhecimento e habilidades que permitem lidar melhor com os desafios da vida cotidiana. Medita\u00e7\u00e3o p\/ Iniciantes Ideal para aqueles que desejam aprender a meditar e aprimorar sua sa\u00fade mental. Durante as aulas, voc\u00ea ser\u00e1 introduzido \u00e0s t\u00e9cnicas b\u00e1sicas de medita\u00e7\u00e3o e [&hellip;]<\/p>\n","protected":false},"author":1,"featured_media":0,"parent":0,"menu_order":0,"comment_status":"closed","ping_status":"closed","template":"elementor_header_footer","meta":{"_monsterinsights_skip_tracking":false,"_monsterinsights_sitenote_active":false,"_monsterinsights_sitenote_note":"","_monsterinsights_sitenote_category":0,"footnotes":""},"class_list":["post-29","page","type-page","status-publish","hentry"],"yoast_head":"<!-- This site is optimized with the Yoast SEO plugin v27.2 - https:\/\/yoast.com\/product\/yoast-seo-wordpress\/ -->\n<title>Cursos - mente s\u00e3, corpo s\u00e3o<\/title>\n<meta name=\"robots\" content=\"index, follow, max-snippet:-1, max-image-preview:large, max-video-preview:-1\" \/>\n<link rel=\"canonical\" href=\"https:\/\/mentesacorposao.com.br\/site\/cursos\/\" \/>\n<meta property=\"og:locale\" content=\"pt_PT\" \/>\n<meta property=\"og:type\" content=\"article\" \/>\n<meta property=\"og:title\" content=\"Cursos - mente s\u00e3, corpo s\u00e3o\" \/>\n<meta property=\"og:description\" content=\"Aprender algo novo pode mudar a sua vida. Cursos simples e acess\u00edveis podem fornecer conhecimento e habilidades que permitem lidar melhor com os desafios da vida cotidiana. Medita\u00e7\u00e3o p\/ Iniciantes Ideal para aqueles que desejam aprender a meditar e aprimorar sua sa\u00fade mental. Durante as aulas, voc\u00ea ser\u00e1 introduzido \u00e0s t\u00e9cnicas b\u00e1sicas de medita\u00e7\u00e3o e [&hellip;]\" \/>\n<meta property=\"og:url\" content=\"https:\/\/mentesacorposao.com.br\/site\/cursos\/\" \/>\n<meta property=\"og:site_name\" content=\"mente s\u00e3, corpo s\u00e3o\" \/>\n<meta property=\"article:modified_time\" content=\"2024-03-06T05:05:47+00:00\" \/>\n<meta property=\"og:image\" content=\"https:\/\/mentesacorposao.com.br\/site\/wp-content\/uploads\/elementor\/thumbs\/shutterstock_2104174118-qksptpsxf8ulcmvia4op4j5khpect4berm1ua4yb2g.jpg\" \/>\n<meta name=\"twitter:card\" content=\"summary_large_image\" \/>\n<meta name=\"twitter:label1\" content=\"Tempo estimado de leitura\" \/>\n\t<meta name=\"twitter:data1\" content=\"2 minutos\" \/>\n<script type=\"application\/ld+json\" class=\"yoast-schema-graph\">{\"@context\":\"https:\/\/schema.org\",\"@graph\":[{\"@type\":\"WebPage\",\"@id\":\"https:\/\/mentesacorposao.com.br\/site\/cursos\/\",\"url\":\"https:\/\/mentesacorposao.com.br\/site\/cursos\/\",\"name\":\"Cursos - mente s\u00e3, corpo s\u00e3o\",\"isPartOf\":{\"@id\":\"https:\/\/mentesacorposao.com.br\/site\/#website\"},\"primaryImageOfPage\":{\"@id\":\"https:\/\/mentesacorposao.com.br\/site\/cursos\/#primaryimage\"},\"image\":{\"@id\":\"https:\/\/mentesacorposao.com.br\/site\/cursos\/#primaryimage\"},\"thumbnailUrl\":\"https:\/\/mentesacorposao.com.br\/site\/wp-content\/uploads\/elementor\/thumbs\/shutterstock_2104174118-qksptpsxf8ulcmvia4op4j5khpect4berm1ua4yb2g.jpg\",\"datePublished\":\"2023-04-05T04:04:44+00:00\",\"dateModified\":\"2024-03-06T05:05:47+00:00\",\"inLanguage\":\"pt-PT\",\"potentialAction\":[{\"@type\":\"ReadAction\",\"target\":[\"https:\/\/mentesacorposao.com.br\/site\/cursos\/\"]}]},{\"@type\":\"ImageObject\",\"inLanguage\":\"pt-PT\",\"@id\":\"https:\/\/mentesacorposao.com.br\/site\/cursos\/#primaryimage\",\"url\":\"https:\/\/mentesacorposao.com.br\/site\/wp-content\/uploads\/elementor\/thumbs\/shutterstock_2104174118-qksptpsxf8ulcmvia4op4j5khpect4berm1ua4yb2g.jpg\",\"contentUrl\":\"https:\/\/mentesacorposao.com.br\/site\/wp-content\/uploads\/elementor\/thumbs\/shutterstock_2104174118-qksptpsxf8ulcmvia4op4j5khpect4berm1ua4yb2g.jpg\"},{\"@type\":\"WebSite\",\"@id\":\"https:\/\/mentesacorposao.com.br\/site\/#website\",\"url\":\"https:\/\/mentesacorposao.com.br\/site\/\",\"name\":\"mente s\u00e3, corpo s\u00e3o\",\"description\":\"Mente e corpo em equil\u00edbrio\",\"publisher\":{\"@id\":\"https:\/\/mentesacorposao.com.br\/site\/#organization\"},\"potentialAction\":[{\"@type\":\"SearchAction\",\"target\":{\"@type\":\"EntryPoint\",\"urlTemplate\":\"https:\/\/mentesacorposao.com.br\/site\/?s={search_term_string}\"},\"query-input\":{\"@type\":\"PropertyValueSpecification\",\"valueRequired\":true,\"valueName\":\"search_term_string\"}}],\"inLanguage\":\"pt-PT\"},{\"@type\":\"Organization\",\"@id\":\"https:\/\/mentesacorposao.com.br\/site\/#organization\",\"name\":\"mente s\u00e3, corpo s\u00e3o\",\"url\":\"https:\/\/mentesacorposao.com.br\/site\/\",\"logo\":{\"@type\":\"ImageObject\",\"inLanguage\":\"pt-PT\",\"@id\":\"https:\/\/mentesacorposao.com.br\/site\/#\/schema\/logo\/image\/\",\"url\":\"https:\/\/mentesacorposao.com.br\/site\/wp-content\/uploads\/2023\/04\/logo-mscs-black.svg\",\"contentUrl\":\"https:\/\/mentesacorposao.com.br\/site\/wp-content\/uploads\/2023\/04\/logo-mscs-black.svg\",\"width\":198,\"height\":55,\"caption\":\"mente s\u00e3, corpo s\u00e3o\"},\"image\":{\"@id\":\"https:\/\/mentesacorposao.com.br\/site\/#\/schema\/logo\/image\/\"}}]}<\/script>\n<!-- \/ Yoast SEO plugin. -->","yoast_head_json":{"title":"Cursos - mente s\u00e3, corpo s\u00e3o","robots":{"index":"index","follow":"follow","max-snippet":"max-snippet:-1","max-image-preview":"max-image-preview:large","max-video-preview":"max-video-preview:-1"},"canonical":"https:\/\/mentesacorposao.com.br\/site\/cursos\/","og_locale":"pt_PT","og_type":"article","og_title":"Cursos - mente s\u00e3, corpo s\u00e3o","og_description":"Aprender algo novo pode mudar a sua vida. Cursos simples e acess\u00edveis podem fornecer conhecimento e habilidades que permitem lidar melhor com os desafios da vida cotidiana. Medita\u00e7\u00e3o p\/ Iniciantes Ideal para aqueles que desejam aprender a meditar e aprimorar sua sa\u00fade mental. Durante as aulas, voc\u00ea ser\u00e1 introduzido \u00e0s t\u00e9cnicas b\u00e1sicas de medita\u00e7\u00e3o e [&hellip;]","og_url":"https:\/\/mentesacorposao.com.br\/site\/cursos\/","og_site_name":"mente s\u00e3, corpo s\u00e3o","article_modified_time":"2024-03-06T05:05:47+00:00","og_image":[{"url":"https:\/\/mentesacorposao.com.br\/site\/wp-content\/uploads\/elementor\/thumbs\/shutterstock_2104174118-qksptpsxf8ulcmvia4op4j5khpect4berm1ua4yb2g.jpg","type":"","width":"","height":""}],"twitter_card":"summary_large_image","twitter_misc":{"Tempo estimado de leitura":"2 minutos"},"schema":{"@context":"https:\/\/schema.org","@graph":[{"@type":"WebPage","@id":"https:\/\/mentesacorposao.com.br\/site\/cursos\/","url":"https:\/\/mentesacorposao.com.br\/site\/cursos\/","name":"Cursos - mente s\u00e3, corpo s\u00e3o","isPartOf":{"@id":"https:\/\/mentesacorposao.com.br\/site\/#website"},"primaryImageOfPage":{"@id":"https:\/\/mentesacorposao.com.br\/site\/cursos\/#primaryimage"},"image":{"@id":"https:\/\/mentesacorposao.com.br\/site\/cursos\/#primaryimage"},"thumbnailUrl":"https:\/\/mentesacorposao.com.br\/site\/wp-content\/uploads\/elementor\/thumbs\/shutterstock_2104174118-qksptpsxf8ulcmvia4op4j5khpect4berm1ua4yb2g.jpg","datePublished":"2023-04-05T04:04:44+00:00","dateModified":"2024-03-06T05:05:47+00:00","inLanguage":"pt-PT","potentialAction":[{"@type":"ReadAction","target":["https:\/\/mentesacorposao.com.br\/site\/cursos\/"]}]},{"@type":"ImageObject","inLanguage":"pt-PT","@id":"https:\/\/mentesacorposao.com.br\/site\/cursos\/#primaryimage","url":"https:\/\/mentesacorposao.com.br\/site\/wp-content\/uploads\/elementor\/thumbs\/shutterstock_2104174118-qksptpsxf8ulcmvia4op4j5khpect4berm1ua4yb2g.jpg","contentUrl":"https:\/\/mentesacorposao.com.br\/site\/wp-content\/uploads\/elementor\/thumbs\/shutterstock_2104174118-qksptpsxf8ulcmvia4op4j5khpect4berm1ua4yb2g.jpg"},{"@type":"WebSite","@id":"https:\/\/mentesacorposao.com.br\/site\/#website","url":"https:\/\/mentesacorposao.com.br\/site\/","name":"mente s\u00e3, corpo s\u00e3o","description":"Mente e corpo em equil\u00edbrio","publisher":{"@id":"https:\/\/mentesacorposao.com.br\/site\/#organization"},"potentialAction":[{"@type":"SearchAction","target":{"@type":"EntryPoint","urlTemplate":"https:\/\/mentesacorposao.com.br\/site\/?s={search_term_string}"},"query-input":{"@type":"PropertyValueSpecification","valueRequired":true,"valueName":"search_term_string"}}],"inLanguage":"pt-PT"},{"@type":"Organization","@id":"https:\/\/mentesacorposao.com.br\/site\/#organization","name":"mente s\u00e3, corpo s\u00e3o","url":"https:\/\/mentesacorposao.com.br\/site\/","logo":{"@type":"ImageObject","inLanguage":"pt-PT","@id":"https:\/\/mentesacorposao.com.br\/site\/#\/schema\/logo\/image\/","url":"https:\/\/mentesacorposao.com.br\/site\/wp-content\/uploads\/2023\/04\/logo-mscs-black.svg","contentUrl":"https:\/\/mentesacorposao.com.br\/site\/wp-content\/uploads\/2023\/04\/logo-mscs-black.svg","width":198,"height":55,"caption":"mente s\u00e3, corpo s\u00e3o"},"image":{"@id":"https:\/\/mentesacorposao.com.br\/site\/#\/schema\/logo\/image\/"}}]}},"rttpg_featured_image_url":null,"rttpg_author":{"display_name":"Daniel","author_link":"https:\/\/mentesacorposao.com.br\/site\/author\/admin\/"},"rttpg_comment":0,"rttpg_category":null,"rttpg_excerpt":"Aprender algo novo pode mudar a sua vida. Cursos simples e acess\u00edveis podem fornecer conhecimento e habilidades que permitem lidar melhor com os desafios da vida cotidiana. Medita\u00e7\u00e3o p\/ Iniciantes Ideal para aqueles que desejam aprender a meditar e aprimorar sua sa\u00fade mental. Durante as aulas, voc\u00ea ser\u00e1 introduzido \u00e0s t\u00e9cnicas b\u00e1sicas de medita\u00e7\u00e3o e&hellip;","_links":{"self":[{"href":"https:\/\/mentesacorposao.com.br\/site\/wp-json\/wp\/v2\/pages\/29","targetHints":{"allow":["GET"]}}],"collection":[{"href":"https:\/\/mentesacorposao.com.br\/site\/wp-json\/wp\/v2\/pages"}],"about":[{"href":"https:\/\/mentesacorposao.com.br\/site\/wp-json\/wp\/v2\/types\/page"}],"author":[{"embeddable":true,"href":"https:\/\/mentesacorposao.com.br\/site\/wp-json\/wp\/v2\/users\/1"}],"replies":[{"embeddable":true,"href":"https:\/\/mentesacorposao.com.br\/site\/wp-json\/wp\/v2\/comments?post=29"}],"version-history":[{"count":12,"href":"https:\/\/mentesacorposao.com.br\/site\/wp-json\/wp\/v2\/pages\/29\/revisions"}],"predecessor-version":[{"id":2242,"href":"https:\/\/mentesacorposao.com.br\/site\/wp-json\/wp\/v2\/pages\/29\/revisions\/2242"}],"wp:attachment":[{"href":"https:\/\/mentesacorposao.com.br\/site\/wp-json\/wp\/v2\/media?parent=29"}],"curies":[{"name":"wp","href":"https:\/\/api.w.org\/{rel}","templated":true}]}}